{"id":608,"date":"2020-11-13T10:39:47","date_gmt":"2020-11-13T10:39:47","guid":{"rendered":"https:\/\/acap.si\/services\/"},"modified":"2024-12-05T17:45:15","modified_gmt":"2024-12-05T17:45:15","slug":"services","status":"publish","type":"page","link":"https:\/\/acap.si\/en\/services\/","title":{"rendered":"Services"},"content":{"rendered":"\t\t<div data-elementor-type=\"wp-page\" data-elementor-id=\"608\" class=\"elementor elementor-608 elementor-77\">\n\t\t\t\t\t\t<section class=\"elementor-section elementor-top-section elementor-element elementor-element-2bf0811 dsvy-col-stretched-none dsvy-bg-color-over-image elementor-section-boxed elementor-section-height-default elementor-section-height-default\" data-id=\"2bf0811\" data-element_type=\"section\">\n\t\t\t\t\t\t<div class=\"elementor-container elementor-column-gap-default\">\n\t\t\t\t\t<div class=\"elementor-column elementor-col-100 elementor-top-column elementor-element elementor-element-61d3c97 dsvy-bg-color-over-image\" data-id=\"61d3c97\" data-element_type=\"column\">\n\t\t\t<div class=\"elementor-widget-wrap elementor-element-populated\">\n\t\t\t\t\t\t<div class=\"elementor-element elementor-element-67d5ce2 elementor-widget elementor-widget-heading\" data-id=\"67d5ce2\" data-element_type=\"widget\" data-widget_type=\"heading.default\">\n\t\t\t\t<div class=\"elementor-widget-container\">\n\t\t\t\t\t<h4 class=\"elementor-heading-title elementor-size-default\">For information on reference projects and up-to-date news, please visit our LinkedIn page<\/h4>\t\t\t\t<\/div>\n\t\t\t\t<\/div>\n\t\t\t\t<div class=\"elementor-element elementor-element-702cd87 elementor-widget elementor-widget-image\" data-id=\"702cd87\" data-element_type=\"widget\" data-widget_type=\"image.default\">\n\t\t\t\t<div class=\"elementor-widget-container\">\n\t\t\t\t\t\t\t\t\t\t\t\t\t\t\t\t<a href=\"https:\/\/www.linkedin.com\/company\/ac-p-in%C5%BEenirski-biro-d-o-o\/\" target=\"_blank\">\n\t\t\t\t\t\t\t<img decoding=\"async\" src=\"https:\/\/acap.si\/wp-content\/uploads\/elementor\/thumbs\/linkedin-qx7ljadl23cl93gzz2gw1s3wlmhqaf9kedbwgv3fxw.png\" title=\"linkedin\" alt=\"linkedin\" loading=\"lazy\" \/>\t\t\t\t\t\t\t\t<\/a>\n\t\t\t\t\t\t\t\t\t\t\t\t\t\t\t<\/div>\n\t\t\t\t<\/div>\n\t\t\t\t\t<\/div>\n\t\t<\/div>\n\t\t\t\t\t<\/div>\n\t\t<\/section>\n\t\t\t\t<div class=\"elementor-section elementor-top-section elementor-element elementor-element-2c9d951 dsvy-bg-color-yes dsvy-elementor-bg-color-light elementor-section-stretched dsvy-col-stretched-none dsvy-bg-color-over-image elementor-section-boxed elementor-section-height-default elementor-section-height-default\" data-id=\"2c9d951\" data-element_type=\"section\" data-settings=\"{&quot;stretch_section&quot;:&quot;section-stretched&quot;}\">\n\t\t\t\t\t\t<div class=\"elementor-container elementor-column-gap-no\">\n\t\t\t\t\t<div class=\"elementor-column elementor-col-100 elementor-top-column elementor-element elementor-element-5624b8d dsvy-bg-color-over-image\" data-id=\"5624b8d\" data-element_type=\"column\">\n\t\t\t<div class=\"elementor-widget-wrap elementor-element-populated\">\n\t\t\t\t\t\t<div class=\"elementor-element elementor-element-f37e9f1 dsvy-align-left elementor-widget elementor-widget-dsvy_service_element\" data-id=\"f37e9f1\" data-element_type=\"widget\" data-widget_type=\"dsvy_service_element.default\">\n\t\t\t\t<div class=\"elementor-widget-container\">\n\t\t\t\t\t\r\n\t\t<div class=\"designervily-element designervily-element-service dsvy-element-service-style-1 designervily-element-viewtype-row-column designervily-gap-30px dsvy-infinite-scroll-no dsvy-infinite-scroll-button-no\" data-cpt=\"service\" data-totalpagination=\"1\" data-style=\"1\" data-show=\"9\" data-columns=\"3\" data-loop=\"false\" data-autoplay=\"false\" data-center=\"false\" data-nav=\"false\" data-dots=\"false\" data-autoplayspeed=\"1000\" data-margin=\"30px\"><div class=\"designervily-element-inner\"><div class=\"dsvy-infinite-scroll-data\">{\"cpt\":\"service\",\"style\":\"1\",\"columns\":\"3\",\"show\":9,\"order\":\"DESC\",\"orderby\":\"DESC\"}<\/div>\t\t\t\t<div class=\"dsvy-ele-header-area\">\r\n\t\t\t\t\t\t<div class=\"dsvy-heading-subheading left-align \"><\/div>\t\t\t\t\t\t\t\t\t<\/div>\r\n\t\t\t\t\t\t\t\t\t<div class=\"dsvy-carousel-navs\">\r\n\t\t\t\t\t\t<a href=\"#\" class=\"dsvy-carousel-prev\"><span class=\"dsvy-nav-text\">prev<\/span><\/a>\r\n\t\t\t\t\t\t<a href=\"#\" class=\"dsvy-carousel-next\"><span class=\"dsvy-nav-text\">next<\/span><\/a>\r\n\t\t\t\t\t<\/div>\r\n\t\t\t\t\r\n\t\t\t<div class=\"dsvy-element-posts-wrapper row multi-columns-row\">\r\n\r\n\t\t\t<article class=\"dsvy-ele dsvy-ele-service dsvy-service-style-1 col-md-4   \">\t<div class=\"designervily-post-item\">\r\n\t\t<div class=\"dsvy-service-img-wrapper\">\t\t\t  \r\n\t\t\t<div class=\"dsvy-featured-wrapper\"><a href=\"https:\/\/acap.si\/en\/service\/construction-supervision\/\"><img fetchpriority=\"high\" decoding=\"async\" width=\"770\" height=\"480\" src=\"https:\/\/acap.si\/wp-content\/uploads\/2025\/07\/05.02.2025-770x480.jpg\" class=\"attachment-dsvy-img-770x480 size-dsvy-img-770x480 wp-post-image\" alt=\"\" \/><\/a><\/div>\t\t<\/div>\r\n\t\t<div class=\"designervily-box-content\">\r\n\t\t\t<div class=\"designervily-box-content-inner\">\r\n\t\t\t\t<div class=\"dsvy-service-icon-wrapper\">\t\r\n\t\t\t\t\t<i class=\"dsvy-colza-icon dsvy-colza-icon-foreman\"><\/i>\t\t\t\t<\/div>\r\n\t\t\t\t<div class=\"dsvy-service-cat\"><h4><\/h4><\/div>\r\n\t\t\t\t<h3 class=\"dsvy-service-title\"><a href=\"https:\/\/acap.si\/en\/service\/construction-supervision\/\">Construction supervision<\/a><\/h3> \r\n\t\t\t\t\t\t\t\t\t<div class=\"dsvy-service-content\"><p>Our company provides construction supervision services for the most complex projects.<\/p>\n<\/div>\r\n\t\t\t\t\t\t\t\t<div class=\"dsvy-service-btn\"> \r\n\t\t\t\t\t<a class=\"btn-arrow\" href=\"https:\/\/acap.si\/en\/service\/construction-supervision\/\">Read more<\/a>\r\n\t\t\t\t<\/div>\t\r\n\t\t\t<\/div>\r\n\t\t<\/div>\r\n\t<\/div><\/article><article class=\"dsvy-ele dsvy-ele-service dsvy-service-style-1 col-md-4   \">\t<div class=\"designervily-post-item\">\r\n\t\t<div class=\"dsvy-service-img-wrapper\">\t\t\t  \r\n\t\t\t<div class=\"dsvy-featured-wrapper\"><a href=\"https:\/\/acap.si\/en\/service\/geology-and-investigations\/\"><img decoding=\"async\" width=\"770\" height=\"480\" src=\"https:\/\/acap.si\/wp-content\/uploads\/2021\/05\/IMG_20231122_153310-770x480.jpg\" class=\"attachment-dsvy-img-770x480 size-dsvy-img-770x480 wp-post-image\" alt=\"\" \/><\/a><\/div>\t\t<\/div>\r\n\t\t<div class=\"designervily-box-content\">\r\n\t\t\t<div class=\"designervily-box-content-inner\">\r\n\t\t\t\t<div class=\"dsvy-service-icon-wrapper\">\t\r\n\t\t\t\t\t<i class=\"dsvy-colza-icon dsvy-colza-icon-mine-cart\"><\/i>\t\t\t\t<\/div>\r\n\t\t\t\t<div class=\"dsvy-service-cat\"><h4><\/h4><\/div>\r\n\t\t\t\t<h3 class=\"dsvy-service-title\"><a href=\"https:\/\/acap.si\/en\/service\/geology-and-investigations\/\">Geology and Investigations<\/a><\/h3> \r\n\t\t\t\t\t\t\t\t\t<div class=\"dsvy-service-content\"><p>Geological and geomechanical studies, land surveying, drilling, DPSH, DPL, and CPT tests, DMT investigations.<\/p>\n<\/div>\r\n\t\t\t\t\t\t\t\t<div class=\"dsvy-service-btn\"> \r\n\t\t\t\t\t<a class=\"btn-arrow\" href=\"https:\/\/acap.si\/en\/service\/geology-and-investigations\/\">Read more<\/a>\r\n\t\t\t\t<\/div>\t\r\n\t\t\t<\/div>\r\n\t\t<\/div>\r\n\t<\/div><\/article><article class=\"dsvy-ele dsvy-ele-service dsvy-service-style-1 col-md-4   \">\t<div class=\"designervily-post-item\">\r\n\t\t<div class=\"dsvy-service-img-wrapper\">\t\t\t  \r\n\t\t\t<div class=\"dsvy-featured-wrapper\"><a href=\"https:\/\/acap.si\/en\/service\/geotechnics\/\"><img decoding=\"async\" width=\"770\" height=\"480\" src=\"https:\/\/acap.si\/wp-content\/uploads\/2021\/05\/20180919_121623-770x480.jpg\" class=\"attachment-dsvy-img-770x480 size-dsvy-img-770x480 wp-post-image\" alt=\"\" \/><\/a><\/div>\t\t<\/div>\r\n\t\t<div class=\"designervily-box-content\">\r\n\t\t\t<div class=\"designervily-box-content-inner\">\r\n\t\t\t\t<div class=\"dsvy-service-icon-wrapper\">\t\r\n\t\t\t\t\t<i class=\"dsvy-colza-icon dsvy-colza-icon-factory\"><\/i>\t\t\t\t<\/div>\r\n\t\t\t\t<div class=\"dsvy-service-cat\"><h4><\/h4><\/div>\r\n\t\t\t\t<h3 class=\"dsvy-service-title\"><a href=\"https:\/\/acap.si\/en\/service\/geotechnics\/\">Geotechnics<\/a><\/h3> \r\n\t\t\t\t\t\t\t\t\t<div class=\"dsvy-service-content\"><p>Preparation of designs in the field of geotechnics at various stages (preliminary design, detailed design, execution design), geomechanical supervision.<\/p>\n<\/div>\r\n\t\t\t\t\t\t\t\t<div class=\"dsvy-service-btn\"> \r\n\t\t\t\t\t<a class=\"btn-arrow\" href=\"https:\/\/acap.si\/en\/service\/geotechnics\/\">Read more<\/a>\r\n\t\t\t\t<\/div>\t\r\n\t\t\t<\/div>\r\n\t\t<\/div>\r\n\t<\/div><\/article><article class=\"dsvy-ele dsvy-ele-service dsvy-service-style-1 col-md-4   \">\t<div class=\"designervily-post-item\">\r\n\t\t<div class=\"dsvy-service-img-wrapper\">\t\t\t  \r\n\t\t\t<div class=\"dsvy-featured-wrapper\"><a href=\"https:\/\/acap.si\/en\/service\/road-construction\/\"><img loading=\"lazy\" decoding=\"async\" width=\"770\" height=\"480\" src=\"https:\/\/acap.si\/wp-content\/uploads\/2021\/05\/20220510_105930-770x480.jpg\" class=\"attachment-dsvy-img-770x480 size-dsvy-img-770x480 wp-post-image\" alt=\"\" \/><\/a><\/div>\t\t<\/div>\r\n\t\t<div class=\"designervily-box-content\">\r\n\t\t\t<div class=\"designervily-box-content-inner\">\r\n\t\t\t\t<div class=\"dsvy-service-icon-wrapper\">\t\r\n\t\t\t\t\t<i class=\"dsvy-colza-icon dsvy-colza-icon-crane-truck\"><\/i>\t\t\t\t<\/div>\r\n\t\t\t\t<div class=\"dsvy-service-cat\"><h4><\/h4><\/div>\r\n\t\t\t\t<h3 class=\"dsvy-service-title\"><a href=\"https:\/\/acap.si\/en\/service\/road-construction\/\">Road Construction<\/a><\/h3> \r\n\t\t\t\t\t\t\t\t\t<div class=\"dsvy-service-content\"><p>Design plans for new construcion and reconstrucion of roads at the national and municipal levels in various phases (conceptual design, detailed design, execution design).<\/p>\n<\/div>\r\n\t\t\t\t\t\t\t\t<div class=\"dsvy-service-btn\"> \r\n\t\t\t\t\t<a class=\"btn-arrow\" href=\"https:\/\/acap.si\/en\/service\/road-construction\/\">Read more<\/a>\r\n\t\t\t\t<\/div>\t\r\n\t\t\t<\/div>\r\n\t\t<\/div>\r\n\t<\/div><\/article><article class=\"dsvy-ele dsvy-ele-service dsvy-service-style-1 col-md-4   \">\t<div class=\"designervily-post-item\">\r\n\t\t<div class=\"dsvy-service-img-wrapper\">\t\t\t  \r\n\t\t\t<div class=\"dsvy-featured-wrapper\"><a href=\"https:\/\/acap.si\/en\/service\/hidrotehnika-eng\/\"><img loading=\"lazy\" decoding=\"async\" width=\"770\" height=\"480\" src=\"https:\/\/acap.si\/wp-content\/uploads\/2021\/05\/DJI_0543-770x480.jpg\" class=\"attachment-dsvy-img-770x480 size-dsvy-img-770x480 wp-post-image\" alt=\"\" \/><\/a><\/div>\t\t<\/div>\r\n\t\t<div class=\"designervily-box-content\">\r\n\t\t\t<div class=\"designervily-box-content-inner\">\r\n\t\t\t\t<div class=\"dsvy-service-icon-wrapper\">\t\r\n\t\t\t\t\t<i class=\"dsvy-colza-icon dsvy-colza-icon-truck\"><\/i>\t\t\t\t<\/div>\r\n\t\t\t\t<div class=\"dsvy-service-cat\"><h4><\/h4><\/div>\r\n\t\t\t\t<h3 class=\"dsvy-service-title\"><a href=\"https:\/\/acap.si\/en\/service\/hidrotehnika-eng\/\">Hydraulic Engineering<\/a><\/h3> \r\n\t\t\t\t\t\t\t\t\t<div class=\"dsvy-service-content\"><p>Preparation of hydrological and hydraulic analyses and studies, development of flood and erosion maps.<\/p>\n<\/div>\r\n\t\t\t\t\t\t\t\t<div class=\"dsvy-service-btn\"> \r\n\t\t\t\t\t<a class=\"btn-arrow\" href=\"https:\/\/acap.si\/en\/service\/hidrotehnika-eng\/\">Read more<\/a>\r\n\t\t\t\t<\/div>\t\r\n\t\t\t<\/div>\r\n\t\t<\/div>\r\n\t<\/div><\/article><article class=\"dsvy-ele dsvy-ele-service dsvy-service-style-1 col-md-4   \">\t<div class=\"designervily-post-item\">\r\n\t\t<div class=\"dsvy-service-img-wrapper\">\t\t\t  \r\n\t\t\t<div class=\"dsvy-featured-wrapper\"><a href=\"https:\/\/acap.si\/en\/service\/hydrogeology\/\"><img loading=\"lazy\" decoding=\"async\" width=\"770\" height=\"480\" src=\"https:\/\/acap.si\/wp-content\/uploads\/2021\/05\/20221222_124445-770x480.jpg\" class=\"attachment-dsvy-img-770x480 size-dsvy-img-770x480 wp-post-image\" alt=\"\" \/><\/a><\/div>\t\t<\/div>\r\n\t\t<div class=\"designervily-box-content\">\r\n\t\t\t<div class=\"designervily-box-content-inner\">\r\n\t\t\t\t<div class=\"dsvy-service-icon-wrapper\">\t\r\n\t\t\t\t\t<i class=\"dsvy-colza-icon dsvy-colza-icon-labor-man\"><\/i>\t\t\t\t<\/div>\r\n\t\t\t\t<div class=\"dsvy-service-cat\"><h4><\/h4><\/div>\r\n\t\t\t\t<h3 class=\"dsvy-service-title\"><a href=\"https:\/\/acap.si\/en\/service\/hydrogeology\/\">Hydrogeology<\/a><\/h3> \r\n\t\t\t\t\t\t\t\t\t<div class=\"dsvy-service-content\"><p>Preparation of documentation for obtaining water permits and approvals, installation of piezometers and water wells, execution of pumping and percolation tests, and groundwater monitoring.<\/p>\n<\/div>\r\n\t\t\t\t\t\t\t\t<div class=\"dsvy-service-btn\"> \r\n\t\t\t\t\t<a class=\"btn-arrow\" href=\"https:\/\/acap.si\/en\/service\/hydrogeology\/\">Read more<\/a>\r\n\t\t\t\t<\/div>\t\r\n\t\t\t<\/div>\r\n\t\t<\/div>\r\n\t<\/div><\/article>\r\n\t\t\t<\/div> <!-- .dsvy-element-posts-wrapper -->\r\n\r\n\t\t\t\r\n\t\t\r\n\t\t\r\n\t\t<\/div><!-- .designervily-element-inner -->   <\/div><!-- .designervily-element -->  \r\n\t    \t\t\t\t<\/div>\n\t\t\t\t<\/div>\n\t\t\t\t\t<\/div>\n\t\t<\/div>\n\t\t\t\t\t<\/div>\n\t\t<\/div>\n\t\t\t\t<\/div>\n\t\t","protected":false},"excerpt":{"rendered":"<p>For information on reference projects and up-to-date news, please visit our LinkedIn page {&#8220;cpt&#8221;:&#8221;service&#8221;,&#8221;style&#8221;:&#8221;1&#8243;,&#8221;columns&#8221;:&#8221;3&#8243;,&#8221;show&#8221;:9,&#8221;order&#8221;:&#8221;DESC&#8221;,&#8221;orderby&#8221;:&#8221;DESC&#8221;} prev next Geologija in raziskave Priprava geolo\u0161ko geomehanskih elaboratov, izvedba vrtin, droniranje, DPSH, DPL in CPT preiskave, DMT preiskave. Read more Geotehnika Priprava na\u010drtov s podro\u010dja geotehnike v razli\u010dnih fazah (DGD, PZI, PID), geomehanski nadzor. Read more Cestogradnja Priprava na\u010drtov s podro\u010dja novogradnje in rekonstrukcije cest dr\u017eavnega in ob\u010dinskega nivoja v razli\u010dnih fazah (IZP, DGD, PZI,[&hellip;]<\/p>\n","protected":false},"author":1,"featured_media":0,"parent":0,"menu_order":10,"comment_status":"closed","ping_status":"closed","template":"","meta":{"_acf_changed":false,"footnotes":""},"class_list":["post-608","page","type-page","status-publish","hentry"],"acf":[],"yoast_head":"<!-- This site is optimized with the Yoast SEO plugin v24.0 - https:\/\/yoast.com\/wordpress\/plugins\/seo\/ -->\n<title>Services - AC&amp;P<\/title>\n<meta name=\"robots\" content=\"index, follow, max-snippet:-1, max-image-preview:large, max-video-preview:-1\" \/>\n<link rel=\"canonical\" href=\"https:\/\/acap.si\/en\/services\/\" \/>\n<meta property=\"og:locale\" content=\"en_US\" \/>\n<meta property=\"og:type\" content=\"article\" \/>\n<meta property=\"og:title\" content=\"Services - AC&amp;P\" \/>\n<meta property=\"og:description\" content=\"For information on reference projects and up-to-date news, please visit our LinkedIn page {&#8220;cpt&#8221;:&#8221;service&#8221;,&#8221;style&#8221;:&#8221;1&#8243;,&#8221;columns&#8221;:&#8221;3&#8243;,&#8221;show&#8221;:9,&#8221;order&#8221;:&#8221;DESC&#8221;,&#8221;orderby&#8221;:&#8221;DESC&#8221;} prev next Geologija in raziskave Priprava geolo\u0161ko geomehanskih elaboratov, izvedba vrtin, droniranje, DPSH, DPL in CPT preiskave, DMT preiskave. Read more Geotehnika Priprava na\u010drtov s podro\u010dja geotehnike v razli\u010dnih fazah (DGD, PZI, PID), geomehanski nadzor. Read more Cestogradnja Priprava na\u010drtov s podro\u010dja novogradnje in rekonstrukcije cest dr\u017eavnega in ob\u010dinskega nivoja v razli\u010dnih fazah (IZP, DGD, PZI,[&hellip;]\" \/>\n<meta property=\"og:url\" content=\"https:\/\/acap.si\/en\/services\/\" \/>\n<meta property=\"og:site_name\" content=\"AC&amp;P\" \/>\n<meta property=\"article:modified_time\" content=\"2024-12-05T17:45:15+00:00\" \/>\n<meta property=\"og:image\" content=\"https:\/\/acap.si\/wp-content\/uploads\/elementor\/thumbs\/linkedin-qx7ljadl23cl93gzz2gw1s3wlmhqaf9kedbwgv3fxw.png\" \/>\n<meta name=\"twitter:card\" content=\"summary_large_image\" \/>\n<meta name=\"twitter:label1\" content=\"Est. reading time\" \/>\n\t<meta name=\"twitter:data1\" content=\"2 minutes\" \/>\n<script type=\"application\/ld+json\" class=\"yoast-schema-graph\">{\"@context\":\"https:\/\/schema.org\",\"@graph\":[{\"@type\":\"WebPage\",\"@id\":\"https:\/\/acap.si\/en\/services\/\",\"url\":\"https:\/\/acap.si\/en\/services\/\",\"name\":\"Services - AC&amp;P\",\"isPartOf\":{\"@id\":\"https:\/\/acap.si\/en\/#website\"},\"primaryImageOfPage\":{\"@id\":\"https:\/\/acap.si\/en\/services\/#primaryimage\"},\"image\":{\"@id\":\"https:\/\/acap.si\/en\/services\/#primaryimage\"},\"thumbnailUrl\":\"https:\/\/acap.si\/wp-content\/uploads\/elementor\/thumbs\/linkedin-qx7ljadl23cl93gzz2gw1s3wlmhqaf9kedbwgv3fxw.png\",\"datePublished\":\"2020-11-13T10:39:47+00:00\",\"dateModified\":\"2024-12-05T17:45:15+00:00\",\"breadcrumb\":{\"@id\":\"https:\/\/acap.si\/en\/services\/#breadcrumb\"},\"inLanguage\":\"en-US\",\"potentialAction\":[{\"@type\":\"ReadAction\",\"target\":[\"https:\/\/acap.si\/en\/services\/\"]}]},{\"@type\":\"ImageObject\",\"inLanguage\":\"en-US\",\"@id\":\"https:\/\/acap.si\/en\/services\/#primaryimage\",\"url\":\"https:\/\/acap.si\/wp-content\/uploads\/elementor\/thumbs\/linkedin-qx7ljadl23cl93gzz2gw1s3wlmhqaf9kedbwgv3fxw.png\",\"contentUrl\":\"https:\/\/acap.si\/wp-content\/uploads\/elementor\/thumbs\/linkedin-qx7ljadl23cl93gzz2gw1s3wlmhqaf9kedbwgv3fxw.png\"},{\"@type\":\"BreadcrumbList\",\"@id\":\"https:\/\/acap.si\/en\/services\/#breadcrumb\",\"itemListElement\":[{\"@type\":\"ListItem\",\"position\":1,\"name\":\"Home\",\"item\":\"https:\/\/acap.si\/en\/\"},{\"@type\":\"ListItem\",\"position\":2,\"name\":\"Services\"}]},{\"@type\":\"WebSite\",\"@id\":\"https:\/\/acap.si\/en\/#website\",\"url\":\"https:\/\/acap.si\/en\/\",\"name\":\"AC&P\",\"description\":\"\",\"publisher\":{\"@id\":\"https:\/\/acap.si\/en\/#organization\"},\"potentialAction\":[{\"@type\":\"SearchAction\",\"target\":{\"@type\":\"EntryPoint\",\"urlTemplate\":\"https:\/\/acap.si\/en\/?s={search_term_string}\"},\"query-input\":{\"@type\":\"PropertyValueSpecification\",\"valueRequired\":true,\"valueName\":\"search_term_string\"}}],\"inLanguage\":\"en-US\"},{\"@type\":\"Organization\",\"@id\":\"https:\/\/acap.si\/en\/#organization\",\"name\":\"AC&P\",\"url\":\"https:\/\/acap.si\/en\/\",\"logo\":{\"@type\":\"ImageObject\",\"inLanguage\":\"en-US\",\"@id\":\"https:\/\/acap.si\/en\/#\/schema\/logo\/image\/\",\"url\":\"https:\/\/acap.si\/wp-content\/uploads\/2024\/10\/logo.png\",\"contentUrl\":\"https:\/\/acap.si\/wp-content\/uploads\/2024\/10\/logo.png\",\"width\":100,\"height\":100,\"caption\":\"AC&P\"},\"image\":{\"@id\":\"https:\/\/acap.si\/en\/#\/schema\/logo\/image\/\"}}]}<\/script>\n<!-- \/ Yoast SEO plugin. -->","yoast_head_json":{"title":"Services - AC&amp;P","robots":{"index":"index","follow":"follow","max-snippet":"max-snippet:-1","max-image-preview":"max-image-preview:large","max-video-preview":"max-video-preview:-1"},"canonical":"https:\/\/acap.si\/en\/services\/","og_locale":"en_US","og_type":"article","og_title":"Services - AC&amp;P","og_description":"For information on reference projects and up-to-date news, please visit our LinkedIn page {&#8220;cpt&#8221;:&#8221;service&#8221;,&#8221;style&#8221;:&#8221;1&#8243;,&#8221;columns&#8221;:&#8221;3&#8243;,&#8221;show&#8221;:9,&#8221;order&#8221;:&#8221;DESC&#8221;,&#8221;orderby&#8221;:&#8221;DESC&#8221;} prev next Geologija in raziskave Priprava geolo\u0161ko geomehanskih elaboratov, izvedba vrtin, droniranje, DPSH, DPL in CPT preiskave, DMT preiskave. Read more Geotehnika Priprava na\u010drtov s podro\u010dja geotehnike v razli\u010dnih fazah (DGD, PZI, PID), geomehanski nadzor. Read more Cestogradnja Priprava na\u010drtov s podro\u010dja novogradnje in rekonstrukcije cest dr\u017eavnega in ob\u010dinskega nivoja v razli\u010dnih fazah (IZP, DGD, PZI,[&hellip;]","og_url":"https:\/\/acap.si\/en\/services\/","og_site_name":"AC&amp;P","article_modified_time":"2024-12-05T17:45:15+00:00","og_image":[{"url":"https:\/\/acap.si\/wp-content\/uploads\/elementor\/thumbs\/linkedin-qx7ljadl23cl93gzz2gw1s3wlmhqaf9kedbwgv3fxw.png","type":"","width":"","height":""}],"twitter_card":"summary_large_image","twitter_misc":{"Est. reading time":"2 minutes"},"schema":{"@context":"https:\/\/schema.org","@graph":[{"@type":"WebPage","@id":"https:\/\/acap.si\/en\/services\/","url":"https:\/\/acap.si\/en\/services\/","name":"Services - AC&amp;P","isPartOf":{"@id":"https:\/\/acap.si\/en\/#website"},"primaryImageOfPage":{"@id":"https:\/\/acap.si\/en\/services\/#primaryimage"},"image":{"@id":"https:\/\/acap.si\/en\/services\/#primaryimage"},"thumbnailUrl":"https:\/\/acap.si\/wp-content\/uploads\/elementor\/thumbs\/linkedin-qx7ljadl23cl93gzz2gw1s3wlmhqaf9kedbwgv3fxw.png","datePublished":"2020-11-13T10:39:47+00:00","dateModified":"2024-12-05T17:45:15+00:00","breadcrumb":{"@id":"https:\/\/acap.si\/en\/services\/#breadcrumb"},"inLanguage":"en-US","potentialAction":[{"@type":"ReadAction","target":["https:\/\/acap.si\/en\/services\/"]}]},{"@type":"ImageObject","inLanguage":"en-US","@id":"https:\/\/acap.si\/en\/services\/#primaryimage","url":"https:\/\/acap.si\/wp-content\/uploads\/elementor\/thumbs\/linkedin-qx7ljadl23cl93gzz2gw1s3wlmhqaf9kedbwgv3fxw.png","contentUrl":"https:\/\/acap.si\/wp-content\/uploads\/elementor\/thumbs\/linkedin-qx7ljadl23cl93gzz2gw1s3wlmhqaf9kedbwgv3fxw.png"},{"@type":"BreadcrumbList","@id":"https:\/\/acap.si\/en\/services\/#breadcrumb","itemListElement":[{"@type":"ListItem","position":1,"name":"Home","item":"https:\/\/acap.si\/en\/"},{"@type":"ListItem","position":2,"name":"Services"}]},{"@type":"WebSite","@id":"https:\/\/acap.si\/en\/#website","url":"https:\/\/acap.si\/en\/","name":"AC&P","description":"","publisher":{"@id":"https:\/\/acap.si\/en\/#organization"},"potentialAction":[{"@type":"SearchAction","target":{"@type":"EntryPoint","urlTemplate":"https:\/\/acap.si\/en\/?s={search_term_string}"},"query-input":{"@type":"PropertyValueSpecification","valueRequired":true,"valueName":"search_term_string"}}],"inLanguage":"en-US"},{"@type":"Organization","@id":"https:\/\/acap.si\/en\/#organization","name":"AC&P","url":"https:\/\/acap.si\/en\/","logo":{"@type":"ImageObject","inLanguage":"en-US","@id":"https:\/\/acap.si\/en\/#\/schema\/logo\/image\/","url":"https:\/\/acap.si\/wp-content\/uploads\/2024\/10\/logo.png","contentUrl":"https:\/\/acap.si\/wp-content\/uploads\/2024\/10\/logo.png","width":100,"height":100,"caption":"AC&P"},"image":{"@id":"https:\/\/acap.si\/en\/#\/schema\/logo\/image\/"}}]}},"_links":{"self":[{"href":"https:\/\/acap.si\/en\/wp-json\/wp\/v2\/pages\/608","targetHints":{"allow":["GET"]}}],"collection":[{"href":"https:\/\/acap.si\/en\/wp-json\/wp\/v2\/pages"}],"about":[{"href":"https:\/\/acap.si\/en\/wp-json\/wp\/v2\/types\/page"}],"author":[{"embeddable":true,"href":"https:\/\/acap.si\/en\/wp-json\/wp\/v2\/users\/1"}],"replies":[{"embeddable":true,"href":"https:\/\/acap.si\/en\/wp-json\/wp\/v2\/comments?post=608"}],"version-history":[{"count":3,"href":"https:\/\/acap.si\/en\/wp-json\/wp\/v2\/pages\/608\/revisions"}],"predecessor-version":[{"id":894,"href":"https:\/\/acap.si\/en\/wp-json\/wp\/v2\/pages\/608\/revisions\/894"}],"wp:attachment":[{"href":"https:\/\/acap.si\/en\/wp-json\/wp\/v2\/media?parent=608"}],"curies":[{"name":"wp","href":"https:\/\/api.w.org\/{rel}","templated":true}]}}